{"id":590,"date":"2023-05-10T17:39:06","date_gmt":"2023-05-10T15:39:06","guid":{"rendered":"http:\/\/plandekinataras.pl\/?page_id=590"},"modified":"2023-05-31T20:54:21","modified_gmt":"2023-05-31T18:54:21","slug":"jak-wymierzyc","status":"publish","type":"page","link":"https:\/\/plandekinataras.pl\/?page_id=590","title":{"rendered":"Jak wymierzy\u0107"},"content":{"rendered":"    <!--[section]-->\n\t\t<style>\n.bd-section-1738421861{background-color:#19c9c9;position:relative;background-image:url(http:\/\/plandekinataras.pl\/wp-content\/uploads\/2023\/05\/afe26547d4cda670fe1d2eadf636d962_IMG_2006-1.jpg);background-repeat:no-repeat;background-attachment:scroll;background-size:cover;height:890px;background-position:center center;}\n.bd-section-1738421861{\n\tline-height:  28.5px;\n\tcolor:  #ffffff;\n\tfont-size:  19px;\n\tfont-weight:  400;\n\tletter-spacing:  1px;\n\ttext-align:  center;\n}\n.bd-section-1738421861 h1{\n\tline-height:  62.4px;\n\ttext-transform:  uppercase;\n\tfont-size:  48px;\n\tcolor:  #ffffff;\n\tfont-weight:  300;\n}\n\n@media (max-width: 767px) {.bd-section-1738421861 h1{\n\tline-height:  36px;\n\tfont-size:  24px;\n\tfont-weight:  400;\n}\n}<\/style>\t\t<section id=section4 class=\" bd-section-1738421861  bd-tagstyles\" data-section-title=\"Row with Background Image\">\n\t\t\t<div class=\"bd-container-inner bd-margins clearfix\">\n\t\t\t\t<!--{content}-->\n\t\t\t\t\t<!--[layoutbox]--><style>\n.additional-class-1042341311{background-color:rgba(44, 63, 125, 0.3);height:848px;width:1171px;left:49.915%;top:50.000%;position:absolute;-webkit-transform:translateX(-50%) translateY(-50%);-moz-transform:translateX(-50%) translateY(-50%);-ms-transform:translateX(-50%) translateY(-50%);transform:translateX(-50%) translateY(-50%);right:-50%;bottom:-45.281%;padding:1em;}\n@media (max-width: 767px) {.additional-class-1042341311{width:100%;}}\n.additional-class-1042341311{\n\ttext-align:  center;\n}\n<\/style><div class=\"clearfix  additional-class-1042341311  bd-no-margins\"><div class=\"bd-container-inner\"><!--{content}--><!--[flex_align]--><style>.bd-flexalign-1644231254{height: 100%;}<\/style><style>\n.bd-flexalign.bd-flexalign-1644231254 > *{margin:auto;}\n@media (max-width: 991px) {.bd-flexalign.bd-flexalign-1644231254 > *{margin:auto auto auto 0px;}}\n.bd-flexalign-1644231254{left:17.564%;top:9.630%;position:absolute;right:17.476%;bottom:1.358%;height:745px;width:734px;display:block}<\/style><div class=\"bd-flexalign  bd-flexalign-1644231254  bd-no-margins\"><!--{content}--><!--[layoutbox_1]--><style>\n.additional-class-1022520277{left:17.564%;top:9.630%;position:absolute;right:17.476%;bottom:1.358%;height:745px;width:734px;display:block;}\n.additional-class-1022520277{left:auto;top:auto;position:relative;right:auto;bottom:auto;height:100%;width:100%}<\/style><div class=\"clearfix  additional-class-1022520277  bd-no-margins\"><div class=\"bd-container-inner\"><!--{content}-->    <!--[text]-->\n        <style>\n.additional-class-1495660416{margin-bottom:0px;}<\/style>        <p class=\" additional-class-1495660416  bd-content-element\">\n            <!--{content}-->\n                            <!--{\/content}-->\n        <\/p>\n    <!--[\/text]-->\n\n\t\n\t\t\n    <!--[separator]-->\n    <style>\n.bd-separator-236787006{height:18px;margin-bottom:0px;margin-top:0px;padding:5px;}<\/style>        <style>\n.bd-separator-236787006 .bd-separator-inner:before, .bd-separator-236787006 .bd-separator-inner:after{border-top:1px solid #dddddd;}<\/style>    <style>\n.bd-separator-236787006 .bd-separator-inner{width:100%;}<\/style>\n    <div class=\" bd-separator-236787006  bd-separator-center bd-separator-content-center clearfix\">\n        <div class=\"bd-container-inner\">\n            <div class=\"bd-separator-inner\">\n                                <!--{content}--><!--{\/content}-->\n            <\/div>\n        <\/div>\n    <\/div>\n    <!--[\/separator]-->\n\n    \n\t\n\t\t    <!--[text]-->\n        <style>\n.additional-class-1342297802{margin-top:0px;}<\/style>        <h1 class=\" additional-class-1342297802  bd-content-element\">\n            <!--{content}-->\n                Jak WYMIERZY\u0106 altan\u0119            <!--{\/content}-->\n        <\/h1>\n    <!--[\/text]-->\n\n\t\n\t\t\n    <!--[separator]-->\n    <style>\n.bd-separator-192909518{height:18px;margin-bottom:0px;margin-top:0px;padding:5px;}<\/style>        <style>\n.bd-separator-192909518 .bd-separator-inner:before, .bd-separator-192909518 .bd-separator-inner:after{border-top:1px solid #dddddd;}<\/style>    <style>\n.bd-separator-192909518 .bd-separator-inner{width:100%;}<\/style>\n    <div class=\" bd-separator-192909518  bd-separator-center bd-separator-content-center clearfix\">\n        <div class=\"bd-container-inner\">\n            <div class=\"bd-separator-inner\">\n                                <!--{content}--><!--{\/content}-->\n            <\/div>\n        <\/div>\n    <\/div>\n    <!--[\/separator]-->\n\n    \n\t\n\t\t\n    <!--[spacer]-->\n    <style>\n.bd-spacer-643699880{height:2em;}<\/style>    <div class=\" bd-spacer-643699880  clearfix\">\n        <!--{content}--><!--{\/content}-->\n    <\/div>\n    <!--[\/spacer]-->\n\n    \n\t\n\t\t<!--[image]--><style>\n.additional-class-731143115{width:556px;height:449px;}<\/style><img decoding=\"async\" src=\"http:\/\/plandekinataras.pl\/wp-content\/uploads\/2023\/05\/6eb304e6560f272fc161d6f9eaa61f60_IMG_2032-1.jpg\" class=\" additional-class-731143115   bd-imagestyles bd-own-margins\"><!--{content}--><!--{\/content}--><!--[\/image]-->\n\t\n\t\t\n    <!--[separator]-->\n    <style>\n.bd-separator-1207134538{padding:10px 0px;}<\/style>        <style>\n.bd-separator-1207134538 .bd-separator-inner:before, .bd-separator-1207134538 .bd-separator-inner:after{border-top:1px solid #ffffff;}<\/style>    <style>\n.bd-separator-1207134538 .bd-separator-inner{width:75%;}<\/style>\n    <div class=\" bd-separator-1207134538  bd-separator-center bd-separator-content-center clearfix\">\n        <div class=\"bd-container-inner\">\n            <div class=\"bd-separator-inner\">\n                                <!--{content}--><!--{\/content}-->\n            <\/div>\n        <\/div>\n    <\/div>\n    <!--[\/separator]-->\n\n    \n\t\n\t\t    <!--[text]-->\n                <p class=\" additional-class-1079737566  bd-content-element\">\n            <!--{content}-->\n                W celu przygotowania wyceny prosz\u0119 poda\u0107 wymiary zgodnie z czerwonymi strza\u0142kami jak na zdj\u0119ciu powy\u017cej. Prawid\u0142owe wymierzenie pozwoli przygotowa\u0107 bardziej precyzyjn\u0105 ofert\u0119 dla pa\u0144stwa.            <!--{\/content}-->\n        <\/p>\n    <!--[\/text]-->\n<!--{\/content}--><\/div><\/div><!--[\/layoutbox_1]--><!--{\/content}--><\/div><!--[\/flex_align]--><!--{\/content}--><\/div><\/div><!--[\/layoutbox]-->\t\t\t\t<!--{\/content}-->\n\t\t\t<\/div>\n\t\t<\/section>\n\t<!--[\/section]-->\n\n","protected":false},"excerpt":{"rendered":"","protected":false},"author":1,"featured_media":0,"parent":0,"menu_order":2,"comment_status":"closed","ping_status":"closed","template":"","meta":{"pgc_sgb_lightbox_settings":"","footnotes":""},"class_list":["post-590","page","type-page","status-publish","hentry"],"yoast_head":"<!-- This site is optimized with the Yoast SEO plugin v21.3 - https:\/\/yoast.com\/wordpress\/plugins\/seo\/ -->\n<title>Jak wymierzy\u0107 - PLANDEKINATARAS.PL<\/title>\n<meta name=\"robots\" content=\"index, follow, max-snippet:-1, max-image-preview:large, max-video-preview:-1\" \/>\n<link rel=\"canonical\" href=\"http:\/\/plandekinataras.pl\/?page_id=590\" \/>\n<meta property=\"og:locale\" content=\"pl_PL\" \/>\n<meta property=\"og:type\" content=\"article\" \/>\n<meta property=\"og:title\" content=\"Jak wymierzy\u0107 - PLANDEKINATARAS.PL\" \/>\n<meta property=\"og:url\" content=\"http:\/\/plandekinataras.pl\/?page_id=590\" \/>\n<meta property=\"og:site_name\" content=\"PLANDEKINATARAS.PL\" \/>\n<meta property=\"article:modified_time\" content=\"2023-05-31T18:54:21+00:00\" \/>\n<meta name=\"twitter:card\" content=\"summary_large_image\" \/>\n<meta name=\"twitter:label1\" content=\"Szacowany czas czytania\" \/>\n\t<meta name=\"twitter:data1\" content=\"2 minuty\" \/>\n<script type=\"application\/ld+json\" class=\"yoast-schema-graph\">{\"@context\":\"https:\/\/schema.org\",\"@graph\":[{\"@type\":\"WebPage\",\"@id\":\"http:\/\/plandekinataras.pl\/?page_id=590\",\"url\":\"http:\/\/plandekinataras.pl\/?page_id=590\",\"name\":\"Jak wymierzy\u0107 - PLANDEKINATARAS.PL\",\"isPartOf\":{\"@id\":\"http:\/\/plandekinataras.pl\/#website\"},\"datePublished\":\"2023-05-10T15:39:06+00:00\",\"dateModified\":\"2023-05-31T18:54:21+00:00\",\"breadcrumb\":{\"@id\":\"http:\/\/plandekinataras.pl\/?page_id=590#breadcrumb\"},\"inLanguage\":\"pl-PL\",\"potentialAction\":[{\"@type\":\"ReadAction\",\"target\":[\"http:\/\/plandekinataras.pl\/?page_id=590\"]}]},{\"@type\":\"BreadcrumbList\",\"@id\":\"http:\/\/plandekinataras.pl\/?page_id=590#breadcrumb\",\"itemListElement\":[{\"@type\":\"ListItem\",\"position\":1,\"name\":\"Home\",\"item\":\"http:\/\/plandekinataras.pl\/\"},{\"@type\":\"ListItem\",\"position\":2,\"name\":\"Jak wymierzy\u0107\"}]},{\"@type\":\"WebSite\",\"@id\":\"http:\/\/plandekinataras.pl\/#website\",\"url\":\"http:\/\/plandekinataras.pl\/\",\"name\":\"PLANDEKINATARAS.PL\",\"description\":\"Plandekinataras.pl\",\"publisher\":{\"@id\":\"http:\/\/plandekinataras.pl\/#organization\"},\"potentialAction\":[{\"@type\":\"SearchAction\",\"target\":{\"@type\":\"EntryPoint\",\"urlTemplate\":\"http:\/\/plandekinataras.pl\/?s={search_term_string}\"},\"query-input\":\"required name=search_term_string\"}],\"inLanguage\":\"pl-PL\"},{\"@type\":\"Organization\",\"@id\":\"http:\/\/plandekinataras.pl\/#organization\",\"name\":\"PLANDEKINATARAS.PL\",\"url\":\"http:\/\/plandekinataras.pl\/\",\"logo\":{\"@type\":\"ImageObject\",\"inLanguage\":\"pl-PL\",\"@id\":\"http:\/\/plandekinataras.pl\/#\/schema\/logo\/image\/\",\"url\":\"https:\/\/plandekinataras.pl\/wp-content\/uploads\/2023\/04\/cropped-logo.jpg\",\"contentUrl\":\"https:\/\/plandekinataras.pl\/wp-content\/uploads\/2023\/04\/cropped-logo.jpg\",\"width\":447,\"height\":240,\"caption\":\"PLANDEKINATARAS.PL\"},\"image\":{\"@id\":\"http:\/\/plandekinataras.pl\/#\/schema\/logo\/image\/\"}}]}<\/script>\n<!-- \/ Yoast SEO plugin. -->","yoast_head_json":{"title":"Jak wymierzy\u0107 - PLANDEKINATARAS.PL","robots":{"index":"index","follow":"follow","max-snippet":"max-snippet:-1","max-image-preview":"max-image-preview:large","max-video-preview":"max-video-preview:-1"},"canonical":"http:\/\/plandekinataras.pl\/?page_id=590","og_locale":"pl_PL","og_type":"article","og_title":"Jak wymierzy\u0107 - PLANDEKINATARAS.PL","og_url":"http:\/\/plandekinataras.pl\/?page_id=590","og_site_name":"PLANDEKINATARAS.PL","article_modified_time":"2023-05-31T18:54:21+00:00","twitter_card":"summary_large_image","twitter_misc":{"Szacowany czas czytania":"2 minuty"},"schema":{"@context":"https:\/\/schema.org","@graph":[{"@type":"WebPage","@id":"http:\/\/plandekinataras.pl\/?page_id=590","url":"http:\/\/plandekinataras.pl\/?page_id=590","name":"Jak wymierzy\u0107 - PLANDEKINATARAS.PL","isPartOf":{"@id":"http:\/\/plandekinataras.pl\/#website"},"datePublished":"2023-05-10T15:39:06+00:00","dateModified":"2023-05-31T18:54:21+00:00","breadcrumb":{"@id":"http:\/\/plandekinataras.pl\/?page_id=590#breadcrumb"},"inLanguage":"pl-PL","potentialAction":[{"@type":"ReadAction","target":["http:\/\/plandekinataras.pl\/?page_id=590"]}]},{"@type":"BreadcrumbList","@id":"http:\/\/plandekinataras.pl\/?page_id=590#breadcrumb","itemListElement":[{"@type":"ListItem","position":1,"name":"Home","item":"http:\/\/plandekinataras.pl\/"},{"@type":"ListItem","position":2,"name":"Jak wymierzy\u0107"}]},{"@type":"WebSite","@id":"http:\/\/plandekinataras.pl\/#website","url":"http:\/\/plandekinataras.pl\/","name":"PLANDEKINATARAS.PL","description":"Plandekinataras.pl","publisher":{"@id":"http:\/\/plandekinataras.pl\/#organization"},"potentialAction":[{"@type":"SearchAction","target":{"@type":"EntryPoint","urlTemplate":"http:\/\/plandekinataras.pl\/?s={search_term_string}"},"query-input":"required name=search_term_string"}],"inLanguage":"pl-PL"},{"@type":"Organization","@id":"http:\/\/plandekinataras.pl\/#organization","name":"PLANDEKINATARAS.PL","url":"http:\/\/plandekinataras.pl\/","logo":{"@type":"ImageObject","inLanguage":"pl-PL","@id":"http:\/\/plandekinataras.pl\/#\/schema\/logo\/image\/","url":"https:\/\/plandekinataras.pl\/wp-content\/uploads\/2023\/04\/cropped-logo.jpg","contentUrl":"https:\/\/plandekinataras.pl\/wp-content\/uploads\/2023\/04\/cropped-logo.jpg","width":447,"height":240,"caption":"PLANDEKINATARAS.PL"},"image":{"@id":"http:\/\/plandekinataras.pl\/#\/schema\/logo\/image\/"}}]}},"_links":{"self":[{"href":"https:\/\/plandekinataras.pl\/index.php?rest_route=\/wp\/v2\/pages\/590","targetHints":{"allow":["GET"]}}],"collection":[{"href":"https:\/\/plandekinataras.pl\/index.php?rest_route=\/wp\/v2\/pages"}],"about":[{"href":"https:\/\/plandekinataras.pl\/index.php?rest_route=\/wp\/v2\/types\/page"}],"author":[{"embeddable":true,"href":"https:\/\/plandekinataras.pl\/index.php?rest_route=\/wp\/v2\/users\/1"}],"replies":[{"embeddable":true,"href":"https:\/\/plandekinataras.pl\/index.php?rest_route=%2Fwp%2Fv2%2Fcomments&post=590"}],"version-history":[{"count":2,"href":"https:\/\/plandekinataras.pl\/index.php?rest_route=\/wp\/v2\/pages\/590\/revisions"}],"predecessor-version":[{"id":635,"href":"https:\/\/plandekinataras.pl\/index.php?rest_route=\/wp\/v2\/pages\/590\/revisions\/635"}],"wp:attachment":[{"href":"https:\/\/plandekinataras.pl\/index.php?rest_route=%2Fwp%2Fv2%2Fmedia&parent=590"}],"curies":[{"name":"wp","href":"https:\/\/api.w.org\/{rel}","templated":true}]}}