{"id":591,"date":"2023-05-10T17:39:07","date_gmt":"2023-05-10T15:39:07","guid":{"rendered":"http:\/\/plandekinataras.pl\/?page_id=591"},"modified":"2023-05-31T20:54:03","modified_gmt":"2023-05-31T18:54:03","slug":"altanki-ogrodowe","status":"publish","type":"page","link":"http:\/\/plandekinataras.pl\/?page_id=591","title":{"rendered":"Altanki ogrodowe"},"content":{"rendered":"<!--[fluid]--><!--{content}-->    <!--[section]-->\n\t\t<style>\n.bd-section-1481296795{background-color:#19c9c9;position:relative;background-image:url(http:\/\/plandekinataras.pl\/wp-content\/uploads\/2023\/05\/f1453fd00e1991b88985640a47bb90bf_IMG_2004-1.jpg);background-repeat:no-repeat;background-attachment:scroll;background-size:cover;height:90vh;background-position:center center;}\n.bd-section-1481296795{\n\tline-height:  27px;\n\tcolor:  #ffffff;\n\tfont-size:  18px;\n\tfont-weight:  400;\n\tletter-spacing:  1px;\n\ttext-align:  center;\n}\n.bd-section-1481296795 h1{\n\tline-height:  62.4px;\n\ttext-transform:  uppercase;\n\tfont-size:  48px;\n\tcolor:  #ffffff;\n\tfont-weight:  300;\n}\n\n@media (max-width: 767px) {.bd-section-1481296795 h1{\n\tline-height:  36px;\n\tfont-size:  24px;\n\tfont-weight:  400;\n}\n}<\/style>\t\t<section id=section4 class=\" bd-section-1481296795 bd-page-width  bd-tagstyles\" data-section-title=\"Row with Background Image\">\n\t\t\t<div class=\"bd-container-inner bd-margins clearfix\">\n\t\t\t\t<!--{content}-->\n\t\t\t\t\t<!--[fluid_1]--><!--{content}--><!--[layoutbox]--><style>\n.additional-class-634318859{background-color:rgba(44, 63, 125, 0.3);height:90vh;width:100%;left:50%;top:50%;position:absolute;-webkit-transform:translateX(-50%) translateY(-50%);-moz-transform:translateX(-50%) translateY(-50%);-ms-transform:translateX(-50%) translateY(-50%);transform:translateX(-50%) translateY(-50%);padding:1em;}\n@media (max-width: 767px) {.additional-class-634318859{width:100%;}}\n.additional-class-634318859{\n\ttext-align:  center;\n}\n\n@media (max-width: 991px) {.additional-class-634318859{\n\ttext-align:  center;\n}\n}<\/style><div class=\"clearfix  additional-class-634318859 bd-page-width  bd-no-margins\"><div class=\"bd-container-inner\"><!--{content}--><!--[fluid_2]--><!--{content}--><!--[flex_align]--><style>.bd-flexalign-384608259{height: 100%;}<\/style><style>\n.bd-flexalign.bd-flexalign-384608259 > *{margin:auto;}\n@media (max-width: 991px) {.bd-flexalign.bd-flexalign-384608259 > *{margin:auto auto 0px;}}\n.bd-flexalign-384608259{display:inline-block}<\/style><div class=\"bd-flexalign  bd-flexalign-384608259 bd-page-width  bd-no-margins\"><!--{content}--><!--[layoutbox_1]--><style>\n.additional-class-45878150{width:1134px;height:631px;display:inline-block;}<\/style><div class=\"clearfix  additional-class-45878150 bd-page-width  bd-no-margins\"><div class=\"bd-container-inner\"><!--{content}--><!--[fluid_3]--><!--{content}-->\n    <!--[separator]-->\n    <style>\n.bd-separator-1371167310{height:18px;margin-bottom:0px;margin-top:0px;padding:5px;}<\/style>        <style>\n.bd-separator-1371167310 .bd-separator-inner:before, .bd-separator-1371167310 .bd-separator-inner:after{border-top:1px solid #dddddd;}<\/style>    <style>\n.bd-separator-1371167310 .bd-separator-inner{width:100%;}<\/style>\n    <div class=\" bd-separator-1371167310 bd-page-width  bd-separator-center bd-separator-content-center clearfix\">\n        <div class=\"bd-container-inner\">\n            <div class=\"bd-separator-inner\">\n                                <!--{content}--><!--{\/content}-->\n            <\/div>\n        <\/div>\n    <\/div>\n    <!--[\/separator]-->\n\n    <!--{\/content}--><!--[\/fluid_3]-->\n\t\n\t\t    <!--[text]-->\n        <style>\n.additional-class-35758390{margin-top:0px;}<\/style>        <h1 class=\" additional-class-35758390 bd-page-width  bd-content-element\">\n            <!--{content}-->\n                Altanki Ogrodowe            <!--{\/content}-->\n        <\/h1>\n    <!--[\/text]-->\n\n\t\n\t\t<!--[fluid_3]--><!--{content}-->\n    <!--[separator]-->\n    <style>\n.bd-separator-2099648452{height:18px;margin-bottom:0px;margin-top:0px;padding:5px;}<\/style>        <style>\n.bd-separator-2099648452 .bd-separator-inner:before, .bd-separator-2099648452 .bd-separator-inner:after{border-top:1px solid #dddddd;}<\/style>    <style>\n.bd-separator-2099648452 .bd-separator-inner{width:100%;}<\/style>\n    <div class=\" bd-separator-2099648452 bd-page-width  bd-separator-center bd-separator-content-center clearfix\">\n        <div class=\"bd-container-inner\">\n            <div class=\"bd-separator-inner\">\n                                <!--{content}--><!--{\/content}-->\n            <\/div>\n        <\/div>\n    <\/div>\n    <!--[\/separator]-->\n\n    <!--{\/content}--><!--[\/fluid_3]-->\n\t\n\t\t    <!--[text]-->\n        <style>\n.additional-class-1112190513{margin-bottom:0px;}\n.additional-class-1112190513{\n\ttext-align:  justify;\n}\n<\/style>        <p class=\" additional-class-1112190513 bd-page-width  bd-content-element\">\n            <!--{content}-->\n                Altanki ogrodowe to bardzo cenione przez klient\u00f3w rozwi\u0105zanie. Latem mo\u017cna znale\u017a\u0107 w nich nieco ochrony przed s\u0142o\u0144cem i upa\u0142em, a jesieni\u0105 czy wiosn\u0105 odpocz\u0105\u0107 w ich zaciszu nawet pomimo nieco deszczowej pogody. Ogrodowe altany wykonane mog\u0105 by\u0107 w r\u00f3\u017cny spos\u00f3b. Drewniane zadaszenie jest jednym z najpopularniejszych rozwi\u0105za\u0144, kt\u00f3re skutecznie ochroni przed deszczem. Ale co z bokami?. \u015awietnym i niesamowicie praktycznym rozwi\u0105zaniem mo\u017ce by\u0107 wykorzystanie plandeki, z kt\u00f3rej korzysta\u0107 mo\u017cna w przypadku gorszej pogody. Plandeki s\u0105 bardzo funkcjonalne, odporne na dzia\u0142anie niekorzystnych czynnik\u00f3w atmosferycznych, a jednocze\u015bnie zapewniaj\u0105 skuteczn\u0105 ochron\u0119 nie tylko przed deszczem, ale i przed wiatrem. To \u015bwietne rozwi\u0105zanie, kt\u00f3re z ca\u0142\u0105 pewno\u015bci\u0105 doceni ka\u017cdy posiadacz altanki ogrodowej.<br>Genialnym&nbsp; rozwi\u0105zaniem&nbsp; s\u0105 plandeki z otworami&nbsp; okiennymi kt\u00f3re zapewniaj\u0105 odpowiedni\u0105 ilo\u015b\u0107 \u015bwiat\u0142a w altance. W miejscu okna mo\u017cna zamontowa\u0107 specjaln\u0105, przezroczyst\u0105 foli\u0119, ale co wa\u017cne \u2013 jest ona bardzo mocna, co nie wp\u0142ywa na funkcjonalno\u015b\u0107 i wytrzyma\u0142o\u015b\u0107 ca\u0142ej konstrukcji. Zalet\u0105 takiego rozwi\u0105zania jest \u015bwietny wygl\u0105d, estetyczne wykonanie, a do tego mo\u017cliwo\u015b\u0107 wykonania plandeki na altan\u0119 ogrodow\u0105 zgodnie z indywidualn\u0105 potrzeb\u0105 klienta. Dzi\u0119ki nam masz pewno\u015b\u0107, \u017ce wykonana plandeka b\u0119dzie dopasowana do potrzeb Twojej altanki, a Ty b\u0119dziesz cieszy\u0107 si\u0119 chwilami relaksu we w\u0142asnym ogr\u00f3dku!<br>&nbsp;\n<br><br><br><br>            <!--{\/content}-->\n        <\/p>\n    <!--[\/text]-->\n\n\t\n\t\t\n    <!--[spacer]-->\n    <style>\n.bd-spacer-1112136353{height:2em;}<\/style>    <div class=\" bd-spacer-1112136353  clearfix\">\n        <!--{content}--><!--{\/content}-->\n    <\/div>\n    <!--[\/spacer]-->\n\n    <!--{\/content}--><\/div><\/div><!--[\/layoutbox_1]--><!--{\/content}--><\/div><!--[\/flex_align]--><!--{\/content}--><!--[\/fluid_2]--><!--{\/content}--><\/div><\/div><!--[\/layoutbox]--><!--{\/content}--><!--[\/fluid_1]-->\t\t\t\t<!--{\/content}-->\n\t\t\t<\/div>\n\t\t<\/section>\n\t<!--[\/section]-->\n<!--{\/content}--><!--[\/fluid]-->\n","protected":false},"excerpt":{"rendered":"","protected":false},"author":1,"featured_media":0,"parent":0,"menu_order":3,"comment_status":"closed","ping_status":"closed","template":"","meta":{"pgc_sgb_lightbox_settings":"","footnotes":""},"class_list":["post-591","page","type-page","status-publish","hentry"],"yoast_head":"<!-- This site is optimized with the Yoast SEO plugin v21.3 - https:\/\/yoast.com\/wordpress\/plugins\/seo\/ -->\n<title>Altanki ogrodowe - PLANDEKINATARAS.PL<\/title>\n<meta name=\"robots\" content=\"index, follow, max-snippet:-1, max-image-preview:large, max-video-preview:-1\" \/>\n<link rel=\"canonical\" href=\"http:\/\/plandekinataras.pl\/?page_id=591\" \/>\n<meta property=\"og:locale\" content=\"pl_PL\" \/>\n<meta property=\"og:type\" content=\"article\" \/>\n<meta property=\"og:title\" content=\"Altanki ogrodowe - PLANDEKINATARAS.PL\" \/>\n<meta property=\"og:url\" content=\"http:\/\/plandekinataras.pl\/?page_id=591\" \/>\n<meta property=\"og:site_name\" content=\"PLANDEKINATARAS.PL\" \/>\n<meta property=\"article:modified_time\" content=\"2023-05-31T18:54:03+00:00\" \/>\n<meta name=\"twitter:card\" content=\"summary_large_image\" \/>\n<meta name=\"twitter:label1\" content=\"Szacowany czas czytania\" \/>\n\t<meta name=\"twitter:data1\" content=\"3 minuty\" \/>\n<script type=\"application\/ld+json\" class=\"yoast-schema-graph\">{\"@context\":\"https:\/\/schema.org\",\"@graph\":[{\"@type\":\"WebPage\",\"@id\":\"http:\/\/plandekinataras.pl\/?page_id=591\",\"url\":\"http:\/\/plandekinataras.pl\/?page_id=591\",\"name\":\"Altanki ogrodowe - PLANDEKINATARAS.PL\",\"isPartOf\":{\"@id\":\"http:\/\/plandekinataras.pl\/#website\"},\"datePublished\":\"2023-05-10T15:39:07+00:00\",\"dateModified\":\"2023-05-31T18:54:03+00:00\",\"breadcrumb\":{\"@id\":\"http:\/\/plandekinataras.pl\/?page_id=591#breadcrumb\"},\"inLanguage\":\"pl-PL\",\"potentialAction\":[{\"@type\":\"ReadAction\",\"target\":[\"http:\/\/plandekinataras.pl\/?page_id=591\"]}]},{\"@type\":\"BreadcrumbList\",\"@id\":\"http:\/\/plandekinataras.pl\/?page_id=591#breadcrumb\",\"itemListElement\":[{\"@type\":\"ListItem\",\"position\":1,\"name\":\"Home\",\"item\":\"http:\/\/plandekinataras.pl\/\"},{\"@type\":\"ListItem\",\"position\":2,\"name\":\"Altanki ogrodowe\"}]},{\"@type\":\"WebSite\",\"@id\":\"http:\/\/plandekinataras.pl\/#website\",\"url\":\"http:\/\/plandekinataras.pl\/\",\"name\":\"PLANDEKINATARAS.PL\",\"description\":\"Plandekinataras.pl\",\"publisher\":{\"@id\":\"http:\/\/plandekinataras.pl\/#organization\"},\"potentialAction\":[{\"@type\":\"SearchAction\",\"target\":{\"@type\":\"EntryPoint\",\"urlTemplate\":\"http:\/\/plandekinataras.pl\/?s={search_term_string}\"},\"query-input\":\"required name=search_term_string\"}],\"inLanguage\":\"pl-PL\"},{\"@type\":\"Organization\",\"@id\":\"http:\/\/plandekinataras.pl\/#organization\",\"name\":\"PLANDEKINATARAS.PL\",\"url\":\"http:\/\/plandekinataras.pl\/\",\"logo\":{\"@type\":\"ImageObject\",\"inLanguage\":\"pl-PL\",\"@id\":\"http:\/\/plandekinataras.pl\/#\/schema\/logo\/image\/\",\"url\":\"http:\/\/plandekinataras.pl\/wp-content\/uploads\/2023\/04\/cropped-logo.jpg\",\"contentUrl\":\"http:\/\/plandekinataras.pl\/wp-content\/uploads\/2023\/04\/cropped-logo.jpg\",\"width\":447,\"height\":240,\"caption\":\"PLANDEKINATARAS.PL\"},\"image\":{\"@id\":\"http:\/\/plandekinataras.pl\/#\/schema\/logo\/image\/\"}}]}<\/script>\n<!-- \/ Yoast SEO plugin. -->","yoast_head_json":{"title":"Altanki ogrodowe - PLANDEKINATARAS.PL","robots":{"index":"index","follow":"follow","max-snippet":"max-snippet:-1","max-image-preview":"max-image-preview:large","max-video-preview":"max-video-preview:-1"},"canonical":"http:\/\/plandekinataras.pl\/?page_id=591","og_locale":"pl_PL","og_type":"article","og_title":"Altanki ogrodowe - PLANDEKINATARAS.PL","og_url":"http:\/\/plandekinataras.pl\/?page_id=591","og_site_name":"PLANDEKINATARAS.PL","article_modified_time":"2023-05-31T18:54:03+00:00","twitter_card":"summary_large_image","twitter_misc":{"Szacowany czas czytania":"3 minuty"},"schema":{"@context":"https:\/\/schema.org","@graph":[{"@type":"WebPage","@id":"http:\/\/plandekinataras.pl\/?page_id=591","url":"http:\/\/plandekinataras.pl\/?page_id=591","name":"Altanki ogrodowe - PLANDEKINATARAS.PL","isPartOf":{"@id":"http:\/\/plandekinataras.pl\/#website"},"datePublished":"2023-05-10T15:39:07+00:00","dateModified":"2023-05-31T18:54:03+00:00","breadcrumb":{"@id":"http:\/\/plandekinataras.pl\/?page_id=591#breadcrumb"},"inLanguage":"pl-PL","potentialAction":[{"@type":"ReadAction","target":["http:\/\/plandekinataras.pl\/?page_id=591"]}]},{"@type":"BreadcrumbList","@id":"http:\/\/plandekinataras.pl\/?page_id=591#breadcrumb","itemListElement":[{"@type":"ListItem","position":1,"name":"Home","item":"http:\/\/plandekinataras.pl\/"},{"@type":"ListItem","position":2,"name":"Altanki ogrodowe"}]},{"@type":"WebSite","@id":"http:\/\/plandekinataras.pl\/#website","url":"http:\/\/plandekinataras.pl\/","name":"PLANDEKINATARAS.PL","description":"Plandekinataras.pl","publisher":{"@id":"http:\/\/plandekinataras.pl\/#organization"},"potentialAction":[{"@type":"SearchAction","target":{"@type":"EntryPoint","urlTemplate":"http:\/\/plandekinataras.pl\/?s={search_term_string}"},"query-input":"required name=search_term_string"}],"inLanguage":"pl-PL"},{"@type":"Organization","@id":"http:\/\/plandekinataras.pl\/#organization","name":"PLANDEKINATARAS.PL","url":"http:\/\/plandekinataras.pl\/","logo":{"@type":"ImageObject","inLanguage":"pl-PL","@id":"http:\/\/plandekinataras.pl\/#\/schema\/logo\/image\/","url":"http:\/\/plandekinataras.pl\/wp-content\/uploads\/2023\/04\/cropped-logo.jpg","contentUrl":"http:\/\/plandekinataras.pl\/wp-content\/uploads\/2023\/04\/cropped-logo.jpg","width":447,"height":240,"caption":"PLANDEKINATARAS.PL"},"image":{"@id":"http:\/\/plandekinataras.pl\/#\/schema\/logo\/image\/"}}]}},"_links":{"self":[{"href":"http:\/\/plandekinataras.pl\/index.php?rest_route=\/wp\/v2\/pages\/591","targetHints":{"allow":["GET"]}}],"collection":[{"href":"http:\/\/plandekinataras.pl\/index.php?rest_route=\/wp\/v2\/pages"}],"about":[{"href":"http:\/\/plandekinataras.pl\/index.php?rest_route=\/wp\/v2\/types\/page"}],"author":[{"embeddable":true,"href":"http:\/\/plandekinataras.pl\/index.php?rest_route=\/wp\/v2\/users\/1"}],"replies":[{"embeddable":true,"href":"http:\/\/plandekinataras.pl\/index.php?rest_route=%2Fwp%2Fv2%2Fcomments&post=591"}],"version-history":[{"count":2,"href":"http:\/\/plandekinataras.pl\/index.php?rest_route=\/wp\/v2\/pages\/591\/revisions"}],"predecessor-version":[{"id":634,"href":"http:\/\/plandekinataras.pl\/index.php?rest_route=\/wp\/v2\/pages\/591\/revisions\/634"}],"wp:attachment":[{"href":"http:\/\/plandekinataras.pl\/index.php?rest_route=%2Fwp%2Fv2%2Fmedia&parent=591"}],"curies":[{"name":"wp","href":"https:\/\/api.w.org\/{rel}","templated":true}]}}